{"id":36,"date":"2022-02-15T13:08:55","date_gmt":"2022-02-15T10:08:55","guid":{"rendered":"https:\/\/shop.northitgroup.eu\/?post_type=product&#038;p=36"},"modified":"2022-12-20T17:26:18","modified_gmt":"2022-12-20T14:26:18","slug":"t-shirt","status":"publish","type":"product","link":"https:\/\/shop.northitgroup.com\/en\/product\/t-shirt\/","title":{"rendered":"T-Shirts with nice colors for different sizes"},"content":{"rendered":"","protected":false},"excerpt":{"rendered":"","protected":false},"featured_media":112,"template":"","meta":[],"product_cat":[15],"product_tag":[],"class_list":{"0":"post-36","1":"product","2":"type-product","3":"status-publish","4":"has-post-thumbnail","6":"product_cat-tshirt","8":"first","9":"instock","10":"sale","11":"taxable","12":"shipping-taxable","13":"purchasable","14":"product-type-variable"},"acf":[],"yoast_head":"<!-- This site is optimized with the Yoast SEO plugin v26.6 - https:\/\/yoast.com\/wordpress\/plugins\/seo\/ -->\n<title>T-Shirts mit sch\u00f6nen Farben in verschiedenen Gr\u00f6\u00dfen &#060; North IT Group Shop<\/title>\n<meta name=\"robots\" content=\"noindex, follow, max-snippet:-1, max-image-preview:large, max-video-preview:-1\" \/>\n<meta property=\"og:locale\" content=\"en_GB\" \/>\n<meta property=\"og:type\" content=\"article\" \/>\n<meta property=\"og:title\" content=\"T-Shirts mit sch\u00f6nen Farben in verschiedenen Gr\u00f6\u00dfen &#060; North IT Group Shop\" \/>\n<meta property=\"og:url\" content=\"https:\/\/shop.northitgroup.com\/en\/product\/t-shirt\/\" \/>\n<meta property=\"og:site_name\" content=\"North IT Group Shop\" \/>\n<meta property=\"article:modified_time\" content=\"2022-12-20T14:26:18+00:00\" \/>\n<meta property=\"og:image\" content=\"https:\/\/shop.northitgroup.com\/wp-content\/uploads\/2022\/02\/t-shirts-1-1-min-scaled.jpg\" \/>\n\t<meta property=\"og:image:width\" content=\"2560\" \/>\n\t<meta property=\"og:image:height\" content=\"1707\" \/>\n\t<meta property=\"og:image:type\" content=\"image\/jpeg\" \/>\n<meta name=\"twitter:card\" content=\"summary_large_image\" \/>\n<script type=\"application\/ld+json\" class=\"yoast-schema-graph\">{\"@context\":\"https:\/\/schema.org\",\"@graph\":[{\"@type\":\"WebPage\",\"@id\":\"https:\/\/shop.northitgroup.com\/product\/t-shirt\/\",\"url\":\"https:\/\/shop.northitgroup.com\/product\/t-shirt\/\",\"name\":\"T-Shirts mit sch\u00f6nen Farben in verschiedenen Gr\u00f6\u00dfen &#060; North IT Group Shop\",\"isPartOf\":{\"@id\":\"https:\/\/shop.northitgroup.com\/#website\"},\"primaryImageOfPage\":{\"@id\":\"https:\/\/shop.northitgroup.com\/product\/t-shirt\/#primaryimage\"},\"image\":{\"@id\":\"https:\/\/shop.northitgroup.com\/product\/t-shirt\/#primaryimage\"},\"thumbnailUrl\":\"https:\/\/shop.northitgroup.com\/wp-content\/uploads\/2022\/02\/t-shirts-1-1-min-scaled.jpg\",\"datePublished\":\"2022-02-15T10:08:55+00:00\",\"dateModified\":\"2022-12-20T14:26:18+00:00\",\"breadcrumb\":{\"@id\":\"https:\/\/shop.northitgroup.com\/product\/t-shirt\/#breadcrumb\"},\"inLanguage\":\"en-GB\",\"potentialAction\":[{\"@type\":\"ReadAction\",\"target\":[\"https:\/\/shop.northitgroup.com\/product\/t-shirt\/\"]}]},{\"@type\":\"ImageObject\",\"inLanguage\":\"en-GB\",\"@id\":\"https:\/\/shop.northitgroup.com\/product\/t-shirt\/#primaryimage\",\"url\":\"https:\/\/shop.northitgroup.com\/wp-content\/uploads\/2022\/02\/t-shirts-1-1-min-scaled.jpg\",\"contentUrl\":\"https:\/\/shop.northitgroup.com\/wp-content\/uploads\/2022\/02\/t-shirts-1-1-min-scaled.jpg\",\"width\":2560,\"height\":1707},{\"@type\":\"BreadcrumbList\",\"@id\":\"https:\/\/shop.northitgroup.com\/product\/t-shirt\/#breadcrumb\",\"itemListElement\":[{\"@type\":\"ListItem\",\"position\":1,\"name\":\"Startseite\",\"item\":\"https:\/\/shop.northitgroup.com\/\"},{\"@type\":\"ListItem\",\"position\":2,\"name\":\"Shop\",\"item\":\"https:\/\/shop.northitgroup.com\/shop\/\"},{\"@type\":\"ListItem\",\"position\":3,\"name\":\"T-Shirts mit sch\u00f6nen Farben in verschiedenen Gr\u00f6\u00dfen\"}]},{\"@type\":\"WebSite\",\"@id\":\"https:\/\/shop.northitgroup.com\/#website\",\"url\":\"https:\/\/shop.northitgroup.com\/\",\"name\":\"North IT Group Shop\",\"description\":\"\",\"publisher\":{\"@id\":\"https:\/\/shop.northitgroup.com\/#organization\"},\"potentialAction\":[{\"@type\":\"SearchAction\",\"target\":{\"@type\":\"EntryPoint\",\"urlTemplate\":\"https:\/\/shop.northitgroup.com\/?s={search_term_string}\"},\"query-input\":{\"@type\":\"PropertyValueSpecification\",\"valueRequired\":true,\"valueName\":\"search_term_string\"}}],\"inLanguage\":\"en-GB\"},{\"@type\":\"Organization\",\"@id\":\"https:\/\/shop.northitgroup.com\/#organization\",\"name\":\"North IT Group Shop\",\"url\":\"https:\/\/shop.northitgroup.com\/\",\"logo\":{\"@type\":\"ImageObject\",\"inLanguage\":\"en-GB\",\"@id\":\"https:\/\/shop.northitgroup.com\/#\/schema\/logo\/image\/\",\"url\":\"https:\/\/shop.northitgroup.com\/wp-content\/uploads\/2022\/03\/logo.svg\",\"contentUrl\":\"https:\/\/shop.northitgroup.com\/wp-content\/uploads\/2022\/03\/logo.svg\",\"caption\":\"North IT Group Shop\"},\"image\":{\"@id\":\"https:\/\/shop.northitgroup.com\/#\/schema\/logo\/image\/\"}}]}<\/script>\n<!-- \/ Yoast SEO plugin. -->","yoast_head_json":{"title":"T-Shirts mit sch\u00f6nen Farben in verschiedenen Gr\u00f6\u00dfen &#060; North IT Group Shop","robots":{"index":"noindex","follow":"follow","max-snippet":"max-snippet:-1","max-image-preview":"max-image-preview:large","max-video-preview":"max-video-preview:-1"},"og_locale":"en_GB","og_type":"article","og_title":"T-Shirts mit sch\u00f6nen Farben in verschiedenen Gr\u00f6\u00dfen &#060; North IT Group Shop","og_url":"https:\/\/shop.northitgroup.com\/en\/product\/t-shirt\/","og_site_name":"North IT Group Shop","article_modified_time":"2022-12-20T14:26:18+00:00","og_image":[{"width":2560,"height":1707,"url":"https:\/\/shop.northitgroup.com\/wp-content\/uploads\/2022\/02\/t-shirts-1-1-min-scaled.jpg","type":"image\/jpeg"}],"twitter_card":"summary_large_image","schema":{"@context":"https:\/\/schema.org","@graph":[{"@type":"WebPage","@id":"https:\/\/shop.northitgroup.com\/product\/t-shirt\/","url":"https:\/\/shop.northitgroup.com\/product\/t-shirt\/","name":"T-Shirts mit sch\u00f6nen Farben in verschiedenen Gr\u00f6\u00dfen &#060; North IT Group Shop","isPartOf":{"@id":"https:\/\/shop.northitgroup.com\/#website"},"primaryImageOfPage":{"@id":"https:\/\/shop.northitgroup.com\/product\/t-shirt\/#primaryimage"},"image":{"@id":"https:\/\/shop.northitgroup.com\/product\/t-shirt\/#primaryimage"},"thumbnailUrl":"https:\/\/shop.northitgroup.com\/wp-content\/uploads\/2022\/02\/t-shirts-1-1-min-scaled.jpg","datePublished":"2022-02-15T10:08:55+00:00","dateModified":"2022-12-20T14:26:18+00:00","breadcrumb":{"@id":"https:\/\/shop.northitgroup.com\/product\/t-shirt\/#breadcrumb"},"inLanguage":"en-GB","potentialAction":[{"@type":"ReadAction","target":["https:\/\/shop.northitgroup.com\/product\/t-shirt\/"]}]},{"@type":"ImageObject","inLanguage":"en-GB","@id":"https:\/\/shop.northitgroup.com\/product\/t-shirt\/#primaryimage","url":"https:\/\/shop.northitgroup.com\/wp-content\/uploads\/2022\/02\/t-shirts-1-1-min-scaled.jpg","contentUrl":"https:\/\/shop.northitgroup.com\/wp-content\/uploads\/2022\/02\/t-shirts-1-1-min-scaled.jpg","width":2560,"height":1707},{"@type":"BreadcrumbList","@id":"https:\/\/shop.northitgroup.com\/product\/t-shirt\/#breadcrumb","itemListElement":[{"@type":"ListItem","position":1,"name":"Startseite","item":"https:\/\/shop.northitgroup.com\/"},{"@type":"ListItem","position":2,"name":"Shop","item":"https:\/\/shop.northitgroup.com\/shop\/"},{"@type":"ListItem","position":3,"name":"T-Shirts mit sch\u00f6nen Farben in verschiedenen Gr\u00f6\u00dfen"}]},{"@type":"WebSite","@id":"https:\/\/shop.northitgroup.com\/#website","url":"https:\/\/shop.northitgroup.com\/","name":"North IT Group Shop","description":"","publisher":{"@id":"https:\/\/shop.northitgroup.com\/#organization"},"potentialAction":[{"@type":"SearchAction","target":{"@type":"EntryPoint","urlTemplate":"https:\/\/shop.northitgroup.com\/?s={search_term_string}"},"query-input":{"@type":"PropertyValueSpecification","valueRequired":true,"valueName":"search_term_string"}}],"inLanguage":"en-GB"},{"@type":"Organization","@id":"https:\/\/shop.northitgroup.com\/#organization","name":"North IT Group Shop","url":"https:\/\/shop.northitgroup.com\/","logo":{"@type":"ImageObject","inLanguage":"en-GB","@id":"https:\/\/shop.northitgroup.com\/#\/schema\/logo\/image\/","url":"https:\/\/shop.northitgroup.com\/wp-content\/uploads\/2022\/03\/logo.svg","contentUrl":"https:\/\/shop.northitgroup.com\/wp-content\/uploads\/2022\/03\/logo.svg","caption":"North IT Group Shop"},"image":{"@id":"https:\/\/shop.northitgroup.com\/#\/schema\/logo\/image\/"}}]}},"_links":{"self":[{"href":"https:\/\/shop.northitgroup.com\/en\/wp-json\/wp\/v2\/product\/36","targetHints":{"allow":["GET"]}}],"collection":[{"href":"https:\/\/shop.northitgroup.com\/en\/wp-json\/wp\/v2\/product"}],"about":[{"href":"https:\/\/shop.northitgroup.com\/en\/wp-json\/wp\/v2\/types\/product"}],"wp:featuredmedia":[{"embeddable":true,"href":"https:\/\/shop.northitgroup.com\/en\/wp-json\/wp\/v2\/media\/112"}],"wp:attachment":[{"href":"https:\/\/shop.northitgroup.com\/en\/wp-json\/wp\/v2\/media?parent=36"}],"wp:term":[{"taxonomy":"product_cat","embeddable":true,"href":"https:\/\/shop.northitgroup.com\/en\/wp-json\/wp\/v2\/product_cat?post=36"},{"taxonomy":"product_tag","embeddable":true,"href":"https:\/\/shop.northitgroup.com\/en\/wp-json\/wp\/v2\/product_tag?post=36"}],"curies":[{"name":"wp","href":"https:\/\/api.w.org\/{rel}","templated":true}]}}